{"id":1001,"date":"2025-03-13T08:14:51","date_gmt":"2025-03-13T07:14:51","guid":{"rendered":"https:\/\/transparencia.elizagipuzkoa.org\/?page_id=1001"},"modified":"2026-04-15T10:52:45","modified_gmt":"2026-04-15T08:52:45","slug":"diru-laguntzak-eta-hitzarmenak","status":"publish","type":"page","link":"https:\/\/transparencia.elizagipuzkoa.org\/eu\/diru-laguntzak-eta-hitzarmenak\/","title":{"rendered":"Diru-laguntzak eta hitzarmenak"},"content":{"rendered":"<div class=\"wpb-content-wrapper\"><p>[vc_row css=&#8221;.vc_custom_1768209706430{margin-top: 40px !important;margin-bottom: 15px !important;padding-right: 20px !important;padding-left: 20px !important;}&#8221;][vc_column][vc_column_text css=&#8221;.vc_custom_1768209175416{margin-bottom: 10px !important;}&#8221;]<span class=\"interactive\">2025eko<\/span>\u00a0<span class=\"interactive\">urriaren<\/span>\u00a0<span class=\"interactive\">16a<\/span><br \/>\nRESOLUCI\u00d3N del Viceconsejero de Cultura, por la que se conceden subvenciones para la puesta en valor y difusi\u00f3n del Patrimonio Cultural Vasco, para el periodo 2025-2027 (Gobierno Vasco)[\/vc_column_text][vc_btn title=&#8221;IKUS DOKUMENTUA&#8221; style=&#8221;outline&#8221; color=&#8221;blue&#8221; i_icon_fontawesome=&#8221;fas fa-arrow-right&#8221; css=&#8221;.vc_custom_1768209060864{margin-top: 10px !important;background-color: #FFFFFF !important;border-color: #EEEEEE !important;}&#8221; add_icon=&#8221;true&#8221; link=&#8221;url:https%3A%2F%2Ftransparencia.elizagipuzkoa.org%2Fwp-content%2Fuploads%2F2026%2F01%2F2025-12-11_Resolucion_subvencion_Gobierno_Vasco.pdf|target:_blank&#8221;][\/vc_column][\/vc_row][vc_row css=&#8221;.vc_custom_1741850366533{margin-top: 10px !important;margin-bottom: 10px !important;}&#8221;][vc_column][vc_separator el_width=&#8221;50&#8243; css=&#8221;.vc_custom_1741853497206{margin-top: 10px !important;margin-bottom: 30px !important;padding-right: 20px !important;padding-left: 20px !important;}&#8221;][\/vc_column][\/vc_row][vc_row css=&#8221;.vc_custom_1741854130524{margin-top: 20px !important;margin-bottom: 15px !important;padding-right: 20px !important;padding-left: 20px !important;}&#8221;][vc_column][vc_column_text css=&#8221;.vc_custom_1776243156565{margin-bottom: 10px !important;}&#8221;]<span class=\"interactive\">2025eko<\/span>\u00a0<span class=\"interactive\">urriaren<\/span>\u00a0<span class=\"interactive\">13a<\/span><br \/>\nGipuzkoako lurralde eremuko museo zentroei zuzendutako dirulaguntzen ebazpena<br \/>\nErakundea: Gipuzkoako Foru Aldundia (Kultura, Lankidetza, Gazteria eta Kirol Departamentua)<br \/>\nZenbatekoa: 18.638,00 \u20ac[\/vc_column_text][vc_btn title=&#8221;IKUS DOKUMENTUA&#8221; style=&#8221;outline&#8221; color=&#8221;blue&#8221; i_icon_fontawesome=&#8221;fas fa-arrow-right&#8221; css=&#8221;.vc_custom_1768209282097{margin-top: 10px !important;background-color: #FFFFFF !important;border-color: #EEEEEE !important;}&#8221; add_icon=&#8221;true&#8221; link=&#8221;url:https%3A%2F%2Ftransparencia.elizagipuzkoa.org%2Fwp-content%2Fuploads%2F2026%2F01%2F021_GAO_iragarkia_c2507102.pdf|target:_blank&#8221;][\/vc_column][\/vc_row][vc_row css=&#8221;.vc_custom_1741850366533{margin-top: 10px !important;margin-bottom: 10px !important;}&#8221;][vc_column][vc_separator el_width=&#8221;50&#8243; css=&#8221;.vc_custom_1741853497206{margin-top: 10px !important;margin-bottom: 30px !important;padding-right: 20px !important;padding-left: 20px !important;}&#8221;][\/vc_column][\/vc_row][vc_row css=&#8221;.vc_custom_1741854130524{margin-top: 20px !important;margin-bottom: 15px !important;padding-right: 20px !important;padding-left: 20px !important;}&#8221;][vc_column][vc_column_text css=&#8221;.vc_custom_1768209539031{margin-bottom: 10px !important;}&#8221;]<span class=\"interactive\">2025eko<\/span> irailaren 10a<br \/>\nDonostiako Elizbarrutiaren aldeko dirulaguntza izenduna, haien jabetzako Gipuzkoako kultura ondarea zaharberritzeko eta zaintzeko (Gipuzkoako Foru Aldundia)[\/vc_column_text][vc_btn title=&#8221;IKUS DOKUMENTUA&#8221; style=&#8221;outline&#8221; color=&#8221;blue&#8221; i_icon_fontawesome=&#8221;fas fa-arrow-right&#8221; css=&#8221;.vc_custom_1768209413784{margin-top: 10px !important;background-color: #FFFFFF !important;border-color: #EEEEEE !important;}&#8221; add_icon=&#8221;true&#8221; link=&#8221;url:https%3A%2F%2Ftransparencia.elizagipuzkoa.org%2Fwp-content%2Fuploads%2F2026%2F01%2FSubvencion_Nominativa_Diputacion.pdf|target:_blank&#8221;][\/vc_column][\/vc_row][vc_row css=&#8221;.vc_custom_1741850366533{margin-top: 10px !important;margin-bottom: 10px !important;}&#8221;][vc_column][vc_separator el_width=&#8221;50&#8243; css=&#8221;.vc_custom_1741853497206{margin-top: 10px !important;margin-bottom: 30px !important;padding-right: 20px !important;padding-left: 20px !important;}&#8221;][\/vc_column][\/vc_row][vc_row css=&#8221;.vc_custom_1741854130524{margin-top: 20px !important;margin-bottom: 15px !important;padding-right: 20px !important;padding-left: 20px !important;}&#8221;][vc_column][vc_column_text css=&#8221;.vc_custom_1768209633416{margin-bottom: 10px !important;}&#8221;]<span class=\"interactive\">2025eko<\/span> uztailaren 1a<br \/>\nBeasaingo Andre Mariaren Zeruratzea Parrokiaren aldeko dirulaguntza izenduna (Gipuzkoako Foru Aldundia)[\/vc_column_text][vc_btn title=&#8221;IKUS DOKUMENTUA&#8221; style=&#8221;outline&#8221; color=&#8221;blue&#8221; i_icon_fontawesome=&#8221;fas fa-arrow-right&#8221; css=&#8221;.vc_custom_1768209590519{margin-top: 10px !important;background-color: #FFFFFF !important;border-color: #EEEEEE !important;}&#8221; add_icon=&#8221;true&#8221; link=&#8221;url:https%3A%2F%2Ftransparencia.elizagipuzkoa.org%2Fwp-content%2Fuploads%2F2026%2F01%2FFAKG20250355.pdf|target:_blank&#8221;][\/vc_column][\/vc_row][vc_row css=&#8221;.vc_custom_1741850366533{margin-top: 10px !important;margin-bottom: 10px !important;}&#8221;][vc_column][vc_separator el_width=&#8221;50&#8243; css=&#8221;.vc_custom_1741853497206{margin-top: 10px !important;margin-bottom: 30px !important;padding-right: 20px !important;padding-left: 20px !important;}&#8221;][\/vc_column][\/vc_row][vc_row css=&#8221;.vc_custom_1741853447513{margin-bottom: 30px !important;padding-right: 20px !important;padding-left: 20px !important;}&#8221;][vc_column][vc_column_text css=&#8221;.vc_custom_1768242783220{margin-bottom: 10px !important;}&#8221;]2025eko maiatza<br \/>\nBeasaingo Udala eta Andre Mari Zeruratuaren Parrokiaren arteko hitzarmena, Beasaingo Andre Mariaren Jasokundeko elizako horma-pintura errenazentistak kontserbatzeko eta zaharberritzeko<br \/>\n<!--strong><u>ERAKUNDEA<\/u><\/strong>: Beasaingo Udala\n\n<strong><u>XEDEA<\/u><\/strong>: Erlijio erabilerako ondarea zaindu eta zaharberritzeko zuzeneko diru-laguntza (2025)\n\n<strong><u>ZENBATEKOA<\/u><\/strong>: 130.000 \u20ac-->[\/vc_column_text][vc_btn title=&#8221;IKUS DOKUMENTUA&#8221; style=&#8221;outline&#8221; color=&#8221;blue&#8221; i_icon_fontawesome=&#8221;fas fa-arrow-right&#8221; css=&#8221;.vc_custom_1768242736794{margin-top: 10px !important;background-color: #FFFFFF !important;border-color: #EEEEEE !important;}&#8221; add_icon=&#8221;true&#8221; link=&#8221;url:https%3A%2F%2Ftransparencia.elizagipuzkoa.org%2Fwp-content%2Fuploads%2F2026%2F01%2Fconvenio_beasain_2025.pdf|target:_blank&#8221;][\/vc_column][\/vc_row][vc_row css=&#8221;.vc_custom_1741850366533{margin-top: 10px !important;margin-bottom: 10px !important;}&#8221;][vc_column][vc_separator el_width=&#8221;50&#8243; css=&#8221;.vc_custom_1741853497206{margin-top: 10px !important;margin-bottom: 30px !important;padding-right: 20px !important;padding-left: 20px !important;}&#8221;][\/vc_column][\/vc_row][vc_row css=&#8221;.vc_custom_1741854130524{margin-top: 20px !important;margin-bottom: 15px !important;padding-right: 20px !important;padding-left: 20px !important;}&#8221;][vc_column][vc_column_text css=&#8221;.vc_custom_1768239927727{margin-bottom: 10px !important;}&#8221;]<span class=\"interactive\">2025eko<\/span> apirilaren 2a<br \/>\nBILBOKO, DONOSTIAKO eta VITORIA-GASTEIZKO GOTZAINDEGIAK entitateei dirulaguntza izendun bana ematea elizaren jabetzapeko dokumentu ondarea digitalizatzeko (Eusko Jaurlaritza)[\/vc_column_text][vc_btn title=&#8221;IKUS DOKUMENTUA&#8221; style=&#8221;outline&#8221; color=&#8221;blue&#8221; i_icon_fontawesome=&#8221;fas fa-arrow-right&#8221; css=&#8221;.vc_custom_1768239811588{margin-top: 10px !important;background-color: #FFFFFF !important;border-color: #EEEEEE !important;}&#8221; add_icon=&#8221;true&#8221; link=&#8221;url:https%3A%2F%2Ftransparencia.elizagipuzkoa.org%2Fwp-content%2Fuploads%2F2026%2F01%2FSubvencion_Archivo_2025_Gobierno_Vasco.pdf|target:_blank&#8221;][\/vc_column][\/vc_row][vc_row css=&#8221;.vc_custom_1741850366533{margin-top: 10px !important;margin-bottom: 10px !important;}&#8221;][vc_column][vc_separator el_width=&#8221;50&#8243; css=&#8221;.vc_custom_1741853497206{margin-top: 10px !important;margin-bottom: 30px !important;padding-right: 20px !important;padding-left: 20px !important;}&#8221;][\/vc_column][\/vc_row][vc_row css=&#8221;.vc_custom_1741854130524{margin-top: 20px !important;margin-bottom: 15px !important;padding-right: 20px !important;padding-left: 20px !important;}&#8221;][vc_column][vc_column_text css=&#8221;.vc_custom_1768242921791{margin-bottom: 10px !important;}&#8221;]2025eko otsailaren 5a<br \/>\nResoluci\u00f3n Provisional. Restauraci\u00f3n de la mitad oeste que incluye las fachadas, vidrieras y cubiertas de la Catedral del Buen Pastor (Ministerio de Vivienda y Agenda Urbana)<br \/>\n<!--strong><u>ERAKUNDEA<\/u><\/strong>: Garraio, Mugikortasun eta Hiri-Agenda Ministerioa (MITMA) (Behin-behinekoa)\n\n<strong><u>XEDEA<\/u><\/strong>: Artzain Onaren Katedralaren mendebaldeko erdia zaharberritzea\n\n<strong><u>ZENBATEKOA<\/u><\/strong>: 2.163.389,33 \u20ac\n<em><span style=\"font-size: 11px;\">Obraren aurrerapen-mailaren arabera inputatzen da 2025, 2026 eta 2027 urteetan<\/span><\/em-->[\/vc_column_text][vc_btn title=&#8221;IKUS DOKUMENTUA&#8221; style=&#8221;outline&#8221; color=&#8221;blue&#8221; i_icon_fontawesome=&#8221;fas fa-arrow-right&#8221; css=&#8221;.vc_custom_1752135053728{margin-top: 10px !important;background-color: #FFFFFF !important;border-color: #EEEEEE !important;}&#8221; add_icon=&#8221;true&#8221; link=&#8221;url:https%3A%2F%2Ftransparencia.elizagipuzkoa.org%2Fwp-content%2Fuploads%2F2025%2F07%2FConcesionProvisional_MITMA.pdf|target:_blank&#8221;][\/vc_column][\/vc_row][vc_row css=&#8221;.vc_custom_1741850366533{margin-top: 10px !important;margin-bottom: 10px !important;}&#8221;][vc_column][vc_separator el_width=&#8221;50&#8243; css=&#8221;.vc_custom_1741853497206{margin-top: 10px !important;margin-bottom: 30px !important;padding-right: 20px !important;padding-left: 20px !important;}&#8221;][\/vc_column][\/vc_row][vc_row css=&#8221;.vc_custom_1741853622412{margin-top: 40px !important;margin-bottom: 10px !important;}&#8221;][vc_column][vc_column_text css=&#8221;.vc_custom_1768242801771{margin-bottom: 10px !important;}&#8221;]<\/p>\n<h2>2024<\/h2>\n<p>[\/vc_column_text][\/vc_column][\/vc_row][vc_row css=&#8221;.vc_custom_1741854130524{margin-top: 20px !important;margin-bottom: 15px !important;padding-right: 20px !important;padding-left: 20px !important;}&#8221;][vc_column][vc_column_text css=&#8221;.vc_custom_1768243044901{margin-bottom: 10px !important;}&#8221;]2024ko abenduaren 9a<br \/>\nRESOLUCI\u00d3N del Viceconsejero de Cultura, por la que se conceden subvenciones para la puesta en valor y difusi\u00f3n del Patrimonio Cultural Vasco, para el periodo 2024-2026 (Eusko Jaurlaritza)<br \/>\n<!--strong><u>ERAKUNDEA<\/u><\/strong>: Eusko Jaurlaritza (Kultura eta Hizkuntza politika saila)\n\n<strong><u>XEDEA<\/u><\/strong>: Artzain Onaren Katedralaren mendebaldeko erdia zaharberritzea\n\n<strong><u>ZENBATEKOA<\/u><\/strong>: 2.163.389,33 \u20ac\n<em><span style=\"font-size: 11px;\">Obraren aurrerapen-mailaren arabera inputatzen da 2024, 2025 eta 2026 urteetan<\/span><\/em-->[\/vc_column_text][vc_btn title=&#8221;IKUS DOKUMENTUA&#8221; style=&#8221;outline&#8221; color=&#8221;blue&#8221; i_icon_fontawesome=&#8221;fas fa-arrow-right&#8221; css=&#8221;.vc_custom_1752135053728{margin-top: 10px !important;background-color: #FFFFFF !important;border-color: #EEEEEE !important;}&#8221; add_icon=&#8221;true&#8221; link=&#8221;url:https%3A%2F%2Ftransparencia.elizagipuzkoa.org%2Fwp-content%2Fuploads%2F2025%2F07%2FConcesionProvisional_MITMA.pdf|target:_blank&#8221;][\/vc_column][\/vc_row][vc_row css=&#8221;.vc_custom_1741850366533{margin-top: 10px !important;margin-bottom: 10px !important;}&#8221;][vc_column][vc_separator el_width=&#8221;50&#8243; css=&#8221;.vc_custom_1741853497206{margin-top: 10px !important;margin-bottom: 30px !important;padding-right: 20px !important;padding-left: 20px !important;}&#8221;][\/vc_column][\/vc_row][vc_row css=&#8221;.vc_custom_1768243074941{margin-bottom: 30px !important;padding-right: 20px !important;padding-left: 20px !important;}&#8221;][vc_column][vc_column_text css=&#8221;.vc_custom_1768243121416{margin-bottom: 10px !important;}&#8221;]2024ko iraila<br \/>\nBeasaingo Udala eta Beasaingo Andre Mariaren Zeruratzea Parrokiaren arteko Hitzarmena Horma-Pinturak Zaharberritzeko<br \/>\n<!--strong><u>ERAKUNDEA<\/u><\/strong>: Beasaingo Udala\n\n<strong><u>XEDEA<\/u><\/strong>: Beasaingo Udala eta Beasaingo Andre Mariaren Zeruratzea Parrokiaren arteko Hitzarmena Horma-Pinturak Zaharberritzeko\n\n<strong><u>ZENBATEKOA<\/u><\/strong>: 151.244,80 \u20ac-->[\/vc_column_text][vc_btn title=&#8221;IKUS DOKUMENTUA&#8221; style=&#8221;outline&#8221; color=&#8221;blue&#8221; i_icon_fontawesome=&#8221;fas fa-arrow-right&#8221; css=&#8221;.vc_custom_1741854011152{margin-top: 10px !important;margin-bottom: 5px !important;background-color: #FFFFFF !important;border-color: #EEEEEE !important;}&#8221; add_icon=&#8221;true&#8221; link=&#8221;url:https%3A%2F%2Ftransparencia.elizagipuzkoa.org%2Fwp-content%2Fuploads%2F2025%2F03%2FUEX0012671205000_Hitzarmena_2024.pdf|target:_blank&#8221;][\/vc_column][\/vc_row][vc_row css=&#8221;.vc_custom_1741850366533{margin-top: 10px !important;margin-bottom: 10px !important;}&#8221;][vc_column][vc_separator el_width=&#8221;50&#8243; css=&#8221;.vc_custom_1741853497206{margin-top: 10px !important;margin-bottom: 30px !important;padding-right: 20px !important;padding-left: 20px !important;}&#8221;][\/vc_column][\/vc_row][vc_row css=&#8221;.vc_custom_1768243067369{margin-top: 30px !important;margin-bottom: 60px !important;padding-right: 20px !important;padding-left: 20px !important;}&#8221;][vc_column][vc_column_text css=&#8221;.vc_custom_1774595753723{margin-bottom: 10px !important;}&#8221;]2024ko abuztua 1a<br \/>\nForu Aldundiaren eta Elizbarrutiaren arteko lankidetza hitzarmena, erlijio erabilerako ondarea zaindu eta zaharberritzeko (2024)[\/vc_column_text][vc_btn title=&#8221;IKUS DOKUMENTUA&#8221; style=&#8221;outline&#8221; color=&#8221;blue&#8221; i_icon_fontawesome=&#8221;fas fa-arrow-right&#8221; css=&#8221;.vc_custom_1774595766677{margin-top: 10px !important;margin-bottom: 5px !important;background-color: #FFFFFF !important;border-color: #EEEEEE !important;}&#8221; add_icon=&#8221;true&#8221; link=&#8221;url:https%3A%2F%2Ftransparencia.elizagipuzkoa.org%2Fwp-content%2Fuploads%2F2025%2F03%2F2024_HITZARMENA_Diocesis_DFG.pdf|target:_blank&#8221;][\/vc_column][\/vc_row][vc_row css=&#8221;.vc_custom_1741850366533{margin-top: 10px !important;margin-bottom: 10px !important;}&#8221;][vc_column][vc_separator el_width=&#8221;50&#8243; css=&#8221;.vc_custom_1741853497206{margin-top: 10px !important;margin-bottom: 30px !important;padding-right: 20px !important;padding-left: 20px !important;}&#8221;][\/vc_column][\/vc_row][vc_row css=&#8221;.vc_custom_1741853622412{margin-top: 40px !important;margin-bottom: 10px !important;}&#8221;][vc_column][vc_column_text css=&#8221;.vc_custom_1774595806083{margin-bottom: 10px !important;}&#8221;]<\/p>\n<h2>2023<\/h2>\n<p>[\/vc_column_text][\/vc_column][\/vc_row][vc_row css=&#8221;.vc_custom_1768243067369{margin-top: 30px !important;margin-bottom: 60px !important;padding-right: 20px !important;padding-left: 20px !important;}&#8221;][vc_column][vc_column_text css=&#8221;.vc_custom_1774595916123{margin-bottom: 10px !important;}&#8221;]2023ko ekaina<br \/>\nConvenio de colaboraci\u00f3n que se suscribe entre Osakidetza-Servicio Vasco de Salud y las tres Di\u00f3cesis de la Iglesia Cat\u00f3lica en Euskadi, para la prestaci\u00f3n del servicio de atenci\u00f3n religiosa y espiritual en las organizaciones sanitarias de Osakidetza-Servicio Vasco de Salud[\/vc_column_text][vc_btn title=&#8221;IKUS DOKUMENTUA&#8221; style=&#8221;outline&#8221; color=&#8221;blue&#8221; i_icon_fontawesome=&#8221;fas fa-arrow-right&#8221; css=&#8221;.vc_custom_1774595890718{margin-top: 10px !important;margin-bottom: 5px !important;background-color: #FFFFFF !important;border-color: #EEEEEE !important;}&#8221; add_icon=&#8221;true&#8221; link=&#8221;url:https%3A%2F%2Ftransparencia.elizagipuzkoa.org%2Fwp-content%2Fuploads%2F2025%2F03%2Fconvenio_osakidetza_diocesis_2023-2027.pdf|target:_blank&#8221;][\/vc_column][\/vc_row]<\/p>\n<\/div>","protected":false},"excerpt":{"rendered":"<p>[vc_row css=&#8221;.vc_custom_1768209706430{margin-top: 40px !important;margin-bottom: 15px !important;padding-right: 20px !important;padding-left: 20px !important;}&#8221;][vc_column][vc_column_text css=&#8221;.vc_custom_1768209175416{margin-bottom: 10px !important;}&#8221;]2025eko\u00a0urriaren\u00a016a RESOLUCI\u00d3N del Viceconsejero de Cultura, por la que se conceden subvenciones para la puesta en valor y difusi\u00f3n del Patrimonio Cultural Vasco, para el periodo 2025-2027 (Gobierno Vasco)[\/vc_column_text][vc_btn title=&#8221;IKUS DOKUMENTUA&#8221; style=&#8221;outline&#8221; color=&#8221;blue&#8221; i_icon_fontawesome=&#8221;fas fa-arrow-right&#8221; css=&#8221;.vc_custom_1768209060864{margin-top: 10px !important;background-color: #FFFFFF !important;border-color: #EEEEEE !important;}&#8221; add_icon=&#8221;true&#8221; [&hellip;]<\/p>\n","protected":false},"author":1,"featured_media":0,"parent":0,"menu_order":0,"comment_status":"closed","ping_status":"closed","template":"","meta":{"footnotes":""},"class_list":["post-1001","page","type-page","status-publish","hentry"],"yoast_head":"<!-- This site is optimized with the Yoast SEO plugin v27.4 - https:\/\/yoast.com\/product\/yoast-seo-wordpress\/ -->\n<title>Diru-laguntzak eta hitzarmenak - Portal de transparencia - Di\u00f3cesis de San Sebasti\u00e1n<\/title>\n<meta name=\"robots\" content=\"index, follow, max-snippet:-1, max-image-preview:large, max-video-preview:-1\" \/>\n<link rel=\"canonical\" href=\"https:\/\/transparencia.elizagipuzkoa.org\/eu\/diru-laguntzak-eta-hitzarmenak\/\" \/>\n<meta property=\"og:locale\" content=\"eu_ES\" \/>\n<meta property=\"og:type\" content=\"article\" \/>\n<meta property=\"og:title\" content=\"Diru-laguntzak eta hitzarmenak - Portal de transparencia - Di\u00f3cesis de San Sebasti\u00e1n\" \/>\n<meta property=\"og:description\" content=\"[vc_row css=&#8221;.vc_custom_1768209706430{margin-top: 40px !important;margin-bottom: 15px !important;padding-right: 20px !important;padding-left: 20px !important;}&#8221;][vc_column][vc_column_text css=&#8221;.vc_custom_1768209175416{margin-bottom: 10px !important;}&#8221;]2025eko\u00a0urriaren\u00a016a RESOLUCI\u00d3N del Viceconsejero de Cultura, por la que se conceden subvenciones para la puesta en valor y difusi\u00f3n del Patrimonio Cultural Vasco, para el periodo 2025-2027 (Gobierno Vasco)[\/vc_column_text][vc_btn title=&#8221;IKUS DOKUMENTUA&#8221; style=&#8221;outline&#8221; color=&#8221;blue&#8221; i_icon_fontawesome=&#8221;fas fa-arrow-right&#8221; css=&#8221;.vc_custom_1768209060864{margin-top: 10px !important;background-color: #FFFFFF !important;border-color: #EEEEEE !important;}&#8221; add_icon=&#8221;true&#8221; [&hellip;]\" \/>\n<meta property=\"og:url\" content=\"https:\/\/transparencia.elizagipuzkoa.org\/eu\/diru-laguntzak-eta-hitzarmenak\/\" \/>\n<meta property=\"og:site_name\" content=\"Portal de transparencia - Di\u00f3cesis de San Sebasti\u00e1n\" \/>\n<meta property=\"article:modified_time\" content=\"2026-04-15T08:52:45+00:00\" \/>\n<meta name=\"twitter:card\" content=\"summary_large_image\" \/>\n<meta name=\"twitter:label1\" content=\"Est. reading time\" \/>\n\t<meta name=\"twitter:data1\" content=\"4 minutes\" \/>\n<script type=\"application\/ld+json\" class=\"yoast-schema-graph\">{\"@context\":\"https:\\\/\\\/schema.org\",\"@graph\":[{\"@type\":\"WebPage\",\"@id\":\"https:\\\/\\\/transparencia.elizagipuzkoa.org\\\/eu\\\/diru-laguntzak-eta-hitzarmenak\\\/\",\"url\":\"https:\\\/\\\/transparencia.elizagipuzkoa.org\\\/eu\\\/diru-laguntzak-eta-hitzarmenak\\\/\",\"name\":\"Diru-laguntzak eta hitzarmenak - Portal de transparencia - Di\u00f3cesis de San Sebasti\u00e1n\",\"isPartOf\":{\"@id\":\"https:\\\/\\\/transparencia.elizagipuzkoa.org\\\/eu\\\/#website\"},\"datePublished\":\"2025-03-13T07:14:51+00:00\",\"dateModified\":\"2026-04-15T08:52:45+00:00\",\"breadcrumb\":{\"@id\":\"https:\\\/\\\/transparencia.elizagipuzkoa.org\\\/eu\\\/diru-laguntzak-eta-hitzarmenak\\\/#breadcrumb\"},\"inLanguage\":\"eu-ES\",\"potentialAction\":[{\"@type\":\"ReadAction\",\"target\":[\"https:\\\/\\\/transparencia.elizagipuzkoa.org\\\/eu\\\/diru-laguntzak-eta-hitzarmenak\\\/\"]}]},{\"@type\":\"BreadcrumbList\",\"@id\":\"https:\\\/\\\/transparencia.elizagipuzkoa.org\\\/eu\\\/diru-laguntzak-eta-hitzarmenak\\\/#breadcrumb\",\"itemListElement\":[{\"@type\":\"ListItem\",\"position\":1,\"name\":\"Portada\",\"item\":\"https:\\\/\\\/transparencia.elizagipuzkoa.org\\\/eu\\\/\"},{\"@type\":\"ListItem\",\"position\":2,\"name\":\"Diru-laguntzak eta hitzarmenak\"}]},{\"@type\":\"WebSite\",\"@id\":\"https:\\\/\\\/transparencia.elizagipuzkoa.org\\\/eu\\\/#website\",\"url\":\"https:\\\/\\\/transparencia.elizagipuzkoa.org\\\/eu\\\/\",\"name\":\"Portal de transparencia - Di\u00f3cesis de San Sebasti\u00e1n\",\"description\":\"\",\"potentialAction\":[{\"@type\":\"SearchAction\",\"target\":{\"@type\":\"EntryPoint\",\"urlTemplate\":\"https:\\\/\\\/transparencia.elizagipuzkoa.org\\\/eu\\\/?s={search_term_string}\"},\"query-input\":{\"@type\":\"PropertyValueSpecification\",\"valueRequired\":true,\"valueName\":\"search_term_string\"}}],\"inLanguage\":\"eu-ES\"}]}<\/script>\n<!-- \/ Yoast SEO plugin. -->","yoast_head_json":{"title":"Diru-laguntzak eta hitzarmenak - Portal de transparencia - Di\u00f3cesis de San Sebasti\u00e1n","robots":{"index":"index","follow":"follow","max-snippet":"max-snippet:-1","max-image-preview":"max-image-preview:large","max-video-preview":"max-video-preview:-1"},"canonical":"https:\/\/transparencia.elizagipuzkoa.org\/eu\/diru-laguntzak-eta-hitzarmenak\/","og_locale":"eu_ES","og_type":"article","og_title":"Diru-laguntzak eta hitzarmenak - Portal de transparencia - Di\u00f3cesis de San Sebasti\u00e1n","og_description":"[vc_row css=&#8221;.vc_custom_1768209706430{margin-top: 40px !important;margin-bottom: 15px !important;padding-right: 20px !important;padding-left: 20px !important;}&#8221;][vc_column][vc_column_text css=&#8221;.vc_custom_1768209175416{margin-bottom: 10px !important;}&#8221;]2025eko\u00a0urriaren\u00a016a RESOLUCI\u00d3N del Viceconsejero de Cultura, por la que se conceden subvenciones para la puesta en valor y difusi\u00f3n del Patrimonio Cultural Vasco, para el periodo 2025-2027 (Gobierno Vasco)[\/vc_column_text][vc_btn title=&#8221;IKUS DOKUMENTUA&#8221; style=&#8221;outline&#8221; color=&#8221;blue&#8221; i_icon_fontawesome=&#8221;fas fa-arrow-right&#8221; css=&#8221;.vc_custom_1768209060864{margin-top: 10px !important;background-color: #FFFFFF !important;border-color: #EEEEEE !important;}&#8221; add_icon=&#8221;true&#8221; [&hellip;]","og_url":"https:\/\/transparencia.elizagipuzkoa.org\/eu\/diru-laguntzak-eta-hitzarmenak\/","og_site_name":"Portal de transparencia - Di\u00f3cesis de San Sebasti\u00e1n","article_modified_time":"2026-04-15T08:52:45+00:00","twitter_card":"summary_large_image","twitter_misc":{"Est. reading time":"4 minutes"},"schema":{"@context":"https:\/\/schema.org","@graph":[{"@type":"WebPage","@id":"https:\/\/transparencia.elizagipuzkoa.org\/eu\/diru-laguntzak-eta-hitzarmenak\/","url":"https:\/\/transparencia.elizagipuzkoa.org\/eu\/diru-laguntzak-eta-hitzarmenak\/","name":"Diru-laguntzak eta hitzarmenak - Portal de transparencia - Di\u00f3cesis de San Sebasti\u00e1n","isPartOf":{"@id":"https:\/\/transparencia.elizagipuzkoa.org\/eu\/#website"},"datePublished":"2025-03-13T07:14:51+00:00","dateModified":"2026-04-15T08:52:45+00:00","breadcrumb":{"@id":"https:\/\/transparencia.elizagipuzkoa.org\/eu\/diru-laguntzak-eta-hitzarmenak\/#breadcrumb"},"inLanguage":"eu-ES","potentialAction":[{"@type":"ReadAction","target":["https:\/\/transparencia.elizagipuzkoa.org\/eu\/diru-laguntzak-eta-hitzarmenak\/"]}]},{"@type":"BreadcrumbList","@id":"https:\/\/transparencia.elizagipuzkoa.org\/eu\/diru-laguntzak-eta-hitzarmenak\/#breadcrumb","itemListElement":[{"@type":"ListItem","position":1,"name":"Portada","item":"https:\/\/transparencia.elizagipuzkoa.org\/eu\/"},{"@type":"ListItem","position":2,"name":"Diru-laguntzak eta hitzarmenak"}]},{"@type":"WebSite","@id":"https:\/\/transparencia.elizagipuzkoa.org\/eu\/#website","url":"https:\/\/transparencia.elizagipuzkoa.org\/eu\/","name":"Portal de transparencia - Di\u00f3cesis de San Sebasti\u00e1n","description":"","potentialAction":[{"@type":"SearchAction","target":{"@type":"EntryPoint","urlTemplate":"https:\/\/transparencia.elizagipuzkoa.org\/eu\/?s={search_term_string}"},"query-input":{"@type":"PropertyValueSpecification","valueRequired":true,"valueName":"search_term_string"}}],"inLanguage":"eu-ES"}]}},"_links":{"self":[{"href":"https:\/\/transparencia.elizagipuzkoa.org\/eu\/wp-json\/wp\/v2\/pages\/1001","targetHints":{"allow":["GET"]}}],"collection":[{"href":"https:\/\/transparencia.elizagipuzkoa.org\/eu\/wp-json\/wp\/v2\/pages"}],"about":[{"href":"https:\/\/transparencia.elizagipuzkoa.org\/eu\/wp-json\/wp\/v2\/types\/page"}],"author":[{"embeddable":true,"href":"https:\/\/transparencia.elizagipuzkoa.org\/eu\/wp-json\/wp\/v2\/users\/1"}],"replies":[{"embeddable":true,"href":"https:\/\/transparencia.elizagipuzkoa.org\/eu\/wp-json\/wp\/v2\/comments?post=1001"}],"version-history":[{"count":19,"href":"https:\/\/transparencia.elizagipuzkoa.org\/eu\/wp-json\/wp\/v2\/pages\/1001\/revisions"}],"predecessor-version":[{"id":1486,"href":"https:\/\/transparencia.elizagipuzkoa.org\/eu\/wp-json\/wp\/v2\/pages\/1001\/revisions\/1486"}],"wp:attachment":[{"href":"https:\/\/transparencia.elizagipuzkoa.org\/eu\/wp-json\/wp\/v2\/media?parent=1001"}],"curies":[{"name":"wp","href":"https:\/\/api.w.org\/{rel}","templated":true}]}}