{"id":1139,"date":"2025-07-10T08:24:26","date_gmt":"2025-07-10T06:24:26","guid":{"rendered":"https:\/\/transparencia.elizagipuzkoa.org\/?page_id=1139"},"modified":"2025-07-10T10:21:59","modified_gmt":"2025-07-10T08:21:59","slug":"hitzarmenak","status":"publish","type":"page","link":"https:\/\/transparencia.elizagipuzkoa.org\/eu\/hitzarmenak\/","title":{"rendered":"Hitzarmenak"},"content":{"rendered":"<div class=\"wpb-content-wrapper\"><p>[vc_row css=&#8221;.vc_custom_1741853622412{margin-top: 40px !important;margin-bottom: 10px !important;}&#8221;][vc_column][vc_column_text css=&#8221;.vc_custom_1752135596119{margin-bottom: 10px !important;}&#8221;]<\/p>\n<h4>&#8211; Foru Aldundiaren eta Elizbarrutiaren arteko lankidetza hitzarmena, erlijio erabilerako ondarea zaindu eta zaharberritzeko (2025)<\/h4>\n<p><strong><u>ERAKUNDEA<\/u><\/strong>: Gipuzkoako Foru Aldundia (Kultura, Lankidetza, Gazteria eta Kirol departamentua)<\/p>\n<p><strong><u>ZENBATEKOA<\/u><\/strong>: 190.000[\/vc_column_text][\/vc_column][\/vc_row][vc_row css=&#8221;.vc_custom_1741850366533{margin-top: 10px !important;margin-bottom: 10px !important;}&#8221;][vc_column][vc_separator el_width=&#8221;50&#8243; css=&#8221;.vc_custom_1741853497206{margin-top: 10px !important;margin-bottom: 30px !important;padding-right: 20px !important;padding-left: 20px !important;}&#8221;][\/vc_column][\/vc_row][vc_row css=&#8221;.vc_custom_1741853622412{margin-top: 40px !important;margin-bottom: 10px !important;}&#8221;][vc_column][vc_column_text css=&#8221;.vc_custom_1741945789281{margin-bottom: 10px !important;}&#8221;]<\/p>\n<h4>&#8211; Convenio de colaboraci\u00f3n que se suscribe entre Osakidetza-Servicio Vasco de Salud y las tres Di\u00f3cesis de la Iglesia Cat\u00f3lica en Euskadi, para la prestaci\u00f3n del servicio de atenci\u00f3n religiosa y espiritual en las organizaciones sanitarias de Osakidetza-Servicio Vasco de Salud<\/h4>\n<h2>2023 &#8211; 2027<\/h2>\n<p>[\/vc_column_text][vc_btn title=&#8221;IKUS DOKUMENTUA&#8221; style=&#8221;outline&#8221; color=&#8221;blue&#8221; i_icon_fontawesome=&#8221;fas fa-arrow-right&#8221; css=&#8221;.vc_custom_1752135702208{margin-top: 10px !important;margin-bottom: 5px !important;background-color: #FFFFFF !important;border-color: #EEEEEE !important;}&#8221; add_icon=&#8221;true&#8221; link=&#8221;url:https%3A%2F%2Ftransparencia.elizagipuzkoa.org%2Fwp-content%2Fuploads%2F2025%2F03%2Fconvenio_osakidetza_diocesis_2023-2027.pdf|target:_blank&#8221;][\/vc_column][\/vc_row][vc_row css=&#8221;.vc_custom_1741850366533{margin-top: 10px !important;margin-bottom: 10px !important;}&#8221;][vc_column][vc_separator el_width=&#8221;50&#8243; css=&#8221;.vc_custom_1741853497206{margin-top: 10px !important;margin-bottom: 30px !important;padding-right: 20px !important;padding-left: 20px !important;}&#8221;][\/vc_column][\/vc_row][vc_row css=&#8221;.vc_custom_1741853622412{margin-top: 40px !important;margin-bottom: 10px !important;}&#8221;][vc_column][vc_column_text css=&#8221;.vc_custom_1752135650670{margin-bottom: 10px !important;}&#8221;]<\/p>\n<h4>&#8211; Foru Aldundiaren eta Elizbarrutiaren arteko lankidetza hitzarmena, erlijio erabilerako ondarea zaindu eta zaharberritzeko (2024)<\/h4>\n<p><strong><u>ERAKUNDEA<\/u><\/strong>: Gipuzkoako Foru Aldundia (Kultura, Lankidetza, Gazteria eta Kirol departamentua)<\/p>\n<p><strong><u>ZENBATEKOA<\/u><\/strong>: 190.000[\/vc_column_text][vc_btn title=&#8221;IKUS DOKUMENTUA&#8221; style=&#8221;outline&#8221; color=&#8221;blue&#8221; i_icon_fontawesome=&#8221;fas fa-arrow-right&#8221; css=&#8221;.vc_custom_1752135697417{margin-top: 10px !important;margin-bottom: 5px !important;background-color: #FFFFFF !important;border-color: #EEEEEE !important;}&#8221; add_icon=&#8221;true&#8221; link=&#8221;url:https%3A%2F%2Ftransparencia.elizagipuzkoa.org%2Fwp-content%2Fuploads%2F2025%2F03%2F2024_HITZARMENA_Diocesis_DFG.pdf|target:_blank&#8221;][\/vc_column][\/vc_row][vc_row css=&#8221;.vc_custom_1741850366533{margin-top: 10px !important;margin-bottom: 10px !important;}&#8221;][vc_column][vc_separator el_width=&#8221;50&#8243; css=&#8221;.vc_custom_1741853497206{margin-top: 10px !important;margin-bottom: 30px !important;padding-right: 20px !important;padding-left: 20px !important;}&#8221;][\/vc_column][\/vc_row]<\/p>\n<\/div>","protected":false},"excerpt":{"rendered":"<p>[vc_row css=&#8221;.vc_custom_1741853622412{margin-top: 40px !important;margin-bottom: 10px !important;}&#8221;][vc_column][vc_column_text css=&#8221;.vc_custom_1752135596119{margin-bottom: 10px !important;}&#8221;] &#8211; Foru Aldundiaren eta Elizbarrutiaren arteko lankidetza hitzarmena, erlijio erabilerako ondarea zaindu eta zaharberritzeko (2025) ERAKUNDEA: Gipuzkoako Foru Aldundia (Kultura, Lankidetza, Gazteria eta Kirol departamentua) ZENBATEKOA: 190.000[\/vc_column_text][\/vc_column][\/vc_row][vc_row css=&#8221;.vc_custom_1741850366533{margin-top: 10px !important;margin-bottom: 10px !important;}&#8221;][vc_column][vc_separator el_width=&#8221;50&#8243; css=&#8221;.vc_custom_1741853497206{margin-top: 10px !important;margin-bottom: 30px !important;padding-right: 20px !important;padding-left: 20px !important;}&#8221;][\/vc_column][\/vc_row][vc_row css=&#8221;.vc_custom_1741853622412{margin-top: 40px !important;margin-bottom: 10px [&hellip;]<\/p>\n","protected":false},"author":1,"featured_media":0,"parent":0,"menu_order":0,"comment_status":"closed","ping_status":"closed","template":"","meta":{"footnotes":""},"class_list":["post-1139","page","type-page","status-publish","hentry"],"yoast_head":"<!-- This site is optimized with the Yoast SEO plugin v27.4 - https:\/\/yoast.com\/product\/yoast-seo-wordpress\/ -->\n<title>Hitzarmenak - Portal de transparencia - Di\u00f3cesis de San Sebasti\u00e1n<\/title>\n<meta name=\"robots\" content=\"index, follow, max-snippet:-1, max-image-preview:large, max-video-preview:-1\" \/>\n<link rel=\"canonical\" href=\"https:\/\/transparencia.elizagipuzkoa.org\/eu\/hitzarmenak\/\" \/>\n<meta property=\"og:locale\" content=\"eu_ES\" \/>\n<meta property=\"og:type\" content=\"article\" \/>\n<meta property=\"og:title\" content=\"Hitzarmenak - Portal de transparencia - Di\u00f3cesis de San Sebasti\u00e1n\" \/>\n<meta property=\"og:description\" content=\"[vc_row css=&#8221;.vc_custom_1741853622412{margin-top: 40px !important;margin-bottom: 10px !important;}&#8221;][vc_column][vc_column_text css=&#8221;.vc_custom_1752135596119{margin-bottom: 10px !important;}&#8221;] &#8211; Foru Aldundiaren eta Elizbarrutiaren arteko lankidetza hitzarmena, erlijio erabilerako ondarea zaindu eta zaharberritzeko (2025) ERAKUNDEA: Gipuzkoako Foru Aldundia (Kultura, Lankidetza, Gazteria eta Kirol departamentua) ZENBATEKOA: 190.000[\/vc_column_text][\/vc_column][\/vc_row][vc_row css=&#8221;.vc_custom_1741850366533{margin-top: 10px !important;margin-bottom: 10px !important;}&#8221;][vc_column][vc_separator el_width=&#8221;50&#8243; css=&#8221;.vc_custom_1741853497206{margin-top: 10px !important;margin-bottom: 30px !important;padding-right: 20px !important;padding-left: 20px !important;}&#8221;][\/vc_column][\/vc_row][vc_row css=&#8221;.vc_custom_1741853622412{margin-top: 40px !important;margin-bottom: 10px [&hellip;]\" \/>\n<meta property=\"og:url\" content=\"https:\/\/transparencia.elizagipuzkoa.org\/eu\/hitzarmenak\/\" \/>\n<meta property=\"og:site_name\" content=\"Portal de transparencia - Di\u00f3cesis de San Sebasti\u00e1n\" \/>\n<meta property=\"article:modified_time\" content=\"2025-07-10T08:21:59+00:00\" \/>\n<meta name=\"twitter:card\" content=\"summary_large_image\" \/>\n<meta name=\"twitter:label1\" content=\"Est. reading time\" \/>\n\t<meta name=\"twitter:data1\" content=\"1 minute\" \/>\n<script type=\"application\/ld+json\" class=\"yoast-schema-graph\">{\"@context\":\"https:\\\/\\\/schema.org\",\"@graph\":[{\"@type\":\"WebPage\",\"@id\":\"https:\\\/\\\/transparencia.elizagipuzkoa.org\\\/eu\\\/hitzarmenak\\\/\",\"url\":\"https:\\\/\\\/transparencia.elizagipuzkoa.org\\\/eu\\\/hitzarmenak\\\/\",\"name\":\"Hitzarmenak - Portal de transparencia - Di\u00f3cesis de San Sebasti\u00e1n\",\"isPartOf\":{\"@id\":\"https:\\\/\\\/transparencia.elizagipuzkoa.org\\\/eu\\\/#website\"},\"datePublished\":\"2025-07-10T06:24:26+00:00\",\"dateModified\":\"2025-07-10T08:21:59+00:00\",\"breadcrumb\":{\"@id\":\"https:\\\/\\\/transparencia.elizagipuzkoa.org\\\/eu\\\/hitzarmenak\\\/#breadcrumb\"},\"inLanguage\":\"eu-ES\",\"potentialAction\":[{\"@type\":\"ReadAction\",\"target\":[\"https:\\\/\\\/transparencia.elizagipuzkoa.org\\\/eu\\\/hitzarmenak\\\/\"]}]},{\"@type\":\"BreadcrumbList\",\"@id\":\"https:\\\/\\\/transparencia.elizagipuzkoa.org\\\/eu\\\/hitzarmenak\\\/#breadcrumb\",\"itemListElement\":[{\"@type\":\"ListItem\",\"position\":1,\"name\":\"Portada\",\"item\":\"https:\\\/\\\/transparencia.elizagipuzkoa.org\\\/eu\\\/\"},{\"@type\":\"ListItem\",\"position\":2,\"name\":\"Hitzarmenak\"}]},{\"@type\":\"WebSite\",\"@id\":\"https:\\\/\\\/transparencia.elizagipuzkoa.org\\\/eu\\\/#website\",\"url\":\"https:\\\/\\\/transparencia.elizagipuzkoa.org\\\/eu\\\/\",\"name\":\"Portal de transparencia - Di\u00f3cesis de San Sebasti\u00e1n\",\"description\":\"\",\"potentialAction\":[{\"@type\":\"SearchAction\",\"target\":{\"@type\":\"EntryPoint\",\"urlTemplate\":\"https:\\\/\\\/transparencia.elizagipuzkoa.org\\\/eu\\\/?s={search_term_string}\"},\"query-input\":{\"@type\":\"PropertyValueSpecification\",\"valueRequired\":true,\"valueName\":\"search_term_string\"}}],\"inLanguage\":\"eu-ES\"}]}<\/script>\n<!-- \/ Yoast SEO plugin. -->","yoast_head_json":{"title":"Hitzarmenak - Portal de transparencia - Di\u00f3cesis de San Sebasti\u00e1n","robots":{"index":"index","follow":"follow","max-snippet":"max-snippet:-1","max-image-preview":"max-image-preview:large","max-video-preview":"max-video-preview:-1"},"canonical":"https:\/\/transparencia.elizagipuzkoa.org\/eu\/hitzarmenak\/","og_locale":"eu_ES","og_type":"article","og_title":"Hitzarmenak - Portal de transparencia - Di\u00f3cesis de San Sebasti\u00e1n","og_description":"[vc_row css=&#8221;.vc_custom_1741853622412{margin-top: 40px !important;margin-bottom: 10px !important;}&#8221;][vc_column][vc_column_text css=&#8221;.vc_custom_1752135596119{margin-bottom: 10px !important;}&#8221;] &#8211; Foru Aldundiaren eta Elizbarrutiaren arteko lankidetza hitzarmena, erlijio erabilerako ondarea zaindu eta zaharberritzeko (2025) ERAKUNDEA: Gipuzkoako Foru Aldundia (Kultura, Lankidetza, Gazteria eta Kirol departamentua) ZENBATEKOA: 190.000[\/vc_column_text][\/vc_column][\/vc_row][vc_row css=&#8221;.vc_custom_1741850366533{margin-top: 10px !important;margin-bottom: 10px !important;}&#8221;][vc_column][vc_separator el_width=&#8221;50&#8243; css=&#8221;.vc_custom_1741853497206{margin-top: 10px !important;margin-bottom: 30px !important;padding-right: 20px !important;padding-left: 20px !important;}&#8221;][\/vc_column][\/vc_row][vc_row css=&#8221;.vc_custom_1741853622412{margin-top: 40px !important;margin-bottom: 10px [&hellip;]","og_url":"https:\/\/transparencia.elizagipuzkoa.org\/eu\/hitzarmenak\/","og_site_name":"Portal de transparencia - Di\u00f3cesis de San Sebasti\u00e1n","article_modified_time":"2025-07-10T08:21:59+00:00","twitter_card":"summary_large_image","twitter_misc":{"Est. reading time":"1 minute"},"schema":{"@context":"https:\/\/schema.org","@graph":[{"@type":"WebPage","@id":"https:\/\/transparencia.elizagipuzkoa.org\/eu\/hitzarmenak\/","url":"https:\/\/transparencia.elizagipuzkoa.org\/eu\/hitzarmenak\/","name":"Hitzarmenak - Portal de transparencia - Di\u00f3cesis de San Sebasti\u00e1n","isPartOf":{"@id":"https:\/\/transparencia.elizagipuzkoa.org\/eu\/#website"},"datePublished":"2025-07-10T06:24:26+00:00","dateModified":"2025-07-10T08:21:59+00:00","breadcrumb":{"@id":"https:\/\/transparencia.elizagipuzkoa.org\/eu\/hitzarmenak\/#breadcrumb"},"inLanguage":"eu-ES","potentialAction":[{"@type":"ReadAction","target":["https:\/\/transparencia.elizagipuzkoa.org\/eu\/hitzarmenak\/"]}]},{"@type":"BreadcrumbList","@id":"https:\/\/transparencia.elizagipuzkoa.org\/eu\/hitzarmenak\/#breadcrumb","itemListElement":[{"@type":"ListItem","position":1,"name":"Portada","item":"https:\/\/transparencia.elizagipuzkoa.org\/eu\/"},{"@type":"ListItem","position":2,"name":"Hitzarmenak"}]},{"@type":"WebSite","@id":"https:\/\/transparencia.elizagipuzkoa.org\/eu\/#website","url":"https:\/\/transparencia.elizagipuzkoa.org\/eu\/","name":"Portal de transparencia - Di\u00f3cesis de San Sebasti\u00e1n","description":"","potentialAction":[{"@type":"SearchAction","target":{"@type":"EntryPoint","urlTemplate":"https:\/\/transparencia.elizagipuzkoa.org\/eu\/?s={search_term_string}"},"query-input":{"@type":"PropertyValueSpecification","valueRequired":true,"valueName":"search_term_string"}}],"inLanguage":"eu-ES"}]}},"_links":{"self":[{"href":"https:\/\/transparencia.elizagipuzkoa.org\/eu\/wp-json\/wp\/v2\/pages\/1139","targetHints":{"allow":["GET"]}}],"collection":[{"href":"https:\/\/transparencia.elizagipuzkoa.org\/eu\/wp-json\/wp\/v2\/pages"}],"about":[{"href":"https:\/\/transparencia.elizagipuzkoa.org\/eu\/wp-json\/wp\/v2\/types\/page"}],"author":[{"embeddable":true,"href":"https:\/\/transparencia.elizagipuzkoa.org\/eu\/wp-json\/wp\/v2\/users\/1"}],"replies":[{"embeddable":true,"href":"https:\/\/transparencia.elizagipuzkoa.org\/eu\/wp-json\/wp\/v2\/comments?post=1139"}],"version-history":[{"count":7,"href":"https:\/\/transparencia.elizagipuzkoa.org\/eu\/wp-json\/wp\/v2\/pages\/1139\/revisions"}],"predecessor-version":[{"id":1175,"href":"https:\/\/transparencia.elizagipuzkoa.org\/eu\/wp-json\/wp\/v2\/pages\/1139\/revisions\/1175"}],"wp:attachment":[{"href":"https:\/\/transparencia.elizagipuzkoa.org\/eu\/wp-json\/wp\/v2\/media?parent=1139"}],"curies":[{"name":"wp","href":"https:\/\/api.w.org\/{rel}","templated":true}]}}