{"id":1518,"date":"2026-04-20T10:13:48","date_gmt":"2026-04-20T08:13:48","guid":{"rendered":"https:\/\/transparencia.elizagipuzkoa.org\/?page_id=1518"},"modified":"2026-04-20T10:17:43","modified_gmt":"2026-04-20T08:17:43","slug":"kontuak-ematea","status":"publish","type":"page","link":"https:\/\/transparencia.elizagipuzkoa.org\/eu\/kontuak-ematea\/","title":{"rendered":"Kontuak ematea"},"content":{"rendered":"<div class=\"wpb-content-wrapper\"><p>[vc_row css=&#8221;.vc_custom_1776672382585{margin-top: 5px !important;margin-right: 20px !important;margin-bottom: 5px !important;margin-left: 20px !important;}&#8221;][vc_column][vc_tta_accordion color=&#8221;white&#8221; c_icon=&#8221;&#8221; active_section=&#8221;9999&#8243; no_fill=&#8221;true&#8221; collapsible_all=&#8221;true&#8221;][vc_tta_section i_icon_fontawesome=&#8221;fas fa-angle-right&#8221; add_icon=&#8221;true&#8221; title=&#8221;Donostiako Elizbarrutiaren Gardentasunerako eta Kontuak Emateko Bulegoa&#8221; tab_id=&#8221;1776672535358-92689423-a413&#8243;][vc_column_text css=&#8221;&#8221;]<div class=\"_df_book df-lite\" id=\"df_1412\"  _slug=\"1412\" data-title=\"oficina-de-transparencia-y-rendicion-de-cuentas\" wpoptions=\"true\" thumbtype=\"\" ><\/div><script class=\"df-shortcode-script\" nowprocket type=\"application\/javascript\">window.option_df_1412 = {\"outline\":[],\"backgroundColor\":\"#ffffff\",\"autoEnableOutline\":\"false\",\"autoEnableThumbnail\":\"false\",\"overwritePDFOutline\":\"false\",\"direction\":\"1\",\"pageSize\":\"0\",\"source\":\"https:\\\/\\\/transparencia.elizagipuzkoa.org\\\/wp-content\\\/uploads\\\/2026\\\/03\\\/Decreto_oficina_transparencia_20260316.pdf\",\"wpOptions\":\"true\"}; if(window.DFLIP && window.DFLIP.parseBooks){window.DFLIP.parseBooks();}<\/script>[\/vc_column_text][vc_column_text css=&#8221;.vc_custom_1776673033992{margin-top: 20px !important;margin-bottom: 10px !important;}&#8221;]<\/p>\n<p style=\"text-align: center;\"><a href=\"https:\/\/transparencia.elizagipuzkoa.org\/wp-content\/uploads\/2026\/03\/Decreto_oficina_transparencia_20260316.pdf\" target=\"_blank\" rel=\"noopener\">Dokumentua deskargatu <img loading=\"lazy\" decoding=\"async\" class=\"size-full wp-image-23587\" src=\"https:\/\/elizagipuzkoa.org\/wp-content\/uploads\/2024\/01\/descargar.png\" alt=\"\" width=\"21\" height=\"20\" \/><\/a><\/p>\n<p>[\/vc_column_text][\/vc_tta_section][\/vc_tta_accordion][\/vc_column][\/vc_row][vc_row css=&#8221;.vc_custom_1776672382585{margin-top: 5px !important;margin-right: 20px !important;margin-bottom: 5px !important;margin-left: 20px !important;}&#8221;][vc_column][vc_tta_accordion color=&#8221;white&#8221; c_icon=&#8221;&#8221; active_section=&#8221;9999&#8243; no_fill=&#8221;true&#8221; collapsible_all=&#8221;true&#8221;][vc_tta_section i_icon_fontawesome=&#8221;fas fa-angle-right&#8221; add_icon=&#8221;true&#8221; title=&#8221;Kontuak ematea&#8221; tab_id=&#8221;reglamento-rendicion-cuentas&#8221;][vc_column_text css=&#8221;&#8221;]<div class=\"_df_book df-lite\" id=\"df_1519\"  _slug=\"reglamento-rendicion-de-cuentas\" data-title=\"reglamento-rendicion-de-cuentas\" wpoptions=\"true\" thumbtype=\"\" ><\/div><script class=\"df-shortcode-script\" nowprocket type=\"application\/javascript\">window.option_df_1519 = {\"outline\":[],\"backgroundColor\":\"#ffffff\",\"autoEnableOutline\":\"false\",\"autoEnableThumbnail\":\"false\",\"overwritePDFOutline\":\"false\",\"direction\":\"1\",\"pageSize\":\"0\",\"source\":\"https:\\\/\\\/transparencia.elizagipuzkoa.org\\\/wp-content\\\/uploads\\\/2025\\\/01\\\/rendicion_cuentas.pdf\",\"wpOptions\":\"true\"}; if(window.DFLIP && window.DFLIP.parseBooks){window.DFLIP.parseBooks();}<\/script>[\/vc_column_text][vc_column_text css=&#8221;.vc_custom_1776673018993{margin-top: 20px !important;margin-bottom: 10px !important;}&#8221;]<\/p>\n<p style=\"text-align: center;\"><a href=\"https:\/\/transparencia.elizagipuzkoa.org\/wp-content\/uploads\/2026\/03\/Decreto_oficina_transparencia_20260316.pdf\" target=\"_blank\" rel=\"noopener\">Dokumentua deskargatu <img loading=\"lazy\" decoding=\"async\" class=\"size-full wp-image-23587\" src=\"https:\/\/elizagipuzkoa.org\/wp-content\/uploads\/2024\/01\/descargar.png\" alt=\"\" width=\"21\" height=\"20\" \/><\/a><\/p>\n<p>[\/vc_column_text][\/vc_tta_section][\/vc_tta_accordion][\/vc_column][\/vc_row][vc_row css=&#8221;.vc_custom_1776670379790{margin-top: 5px !important;margin-right: 20px !important;margin-bottom: 5px !important;margin-left: 20px !important;}&#8221;][vc_column][vc_tta_accordion color=&#8221;white&#8221; c_icon=&#8221;&#8221; active_section=&#8221;9999&#8243; no_fill=&#8221;true&#8221; collapsible_all=&#8221;true&#8221;][vc_tta_section i_icon_fontawesome=&#8221;fas fa-angle-right&#8221; add_icon=&#8221;true&#8221; title=&#8221;Donostiako Elizbarrutiaren Sostengurako Batzordea&#8221; tab_id=&#8221;comision-sostenimiento&#8221;][vc_column_text css=&#8221;&#8221;]<div class=\"_df_book df-lite\" id=\"df_1452\"  _slug=\"comision-de-sostenimiento\" data-title=\"comision-de-sostenimiento\" wpoptions=\"true\" thumbtype=\"\" ><\/div><script class=\"df-shortcode-script\" nowprocket type=\"application\/javascript\">window.option_df_1452 = {\"outline\":[],\"backgroundColor\":\"#ffffff\",\"autoEnableOutline\":\"false\",\"autoEnableThumbnail\":\"false\",\"overwritePDFOutline\":\"false\",\"direction\":\"1\",\"pageSize\":\"0\",\"source\":\"https:\\\/\\\/transparencia.elizagipuzkoa.org\\\/wp-content\\\/uploads\\\/2026\\\/03\\\/Decreto_sostenimiento_20260316.pdf\",\"wpOptions\":\"true\"}; if(window.DFLIP && window.DFLIP.parseBooks){window.DFLIP.parseBooks();}<\/script>[\/vc_column_text][vc_column_text css=&#8221;.vc_custom_1776673008786{margin-top: 20px !important;margin-bottom: 10px !important;}&#8221;]<\/p>\n<p style=\"text-align: center;\"><a href=\"https:\/\/transparencia.elizagipuzkoa.org\/wp-content\/uploads\/2026\/03\/Decreto_sostenimiento_20260316.pdf\" target=\"_blank\" rel=\"noopener\">Dokumentua deskargatu <img loading=\"lazy\" decoding=\"async\" class=\"size-full wp-image-23587\" src=\"https:\/\/elizagipuzkoa.org\/wp-content\/uploads\/2024\/01\/descargar.png\" alt=\"\" width=\"21\" height=\"20\" \/><\/a><\/p>\n<p>[\/vc_column_text][\/vc_tta_section][\/vc_tta_accordion][\/vc_column][\/vc_row][vc_row disable_element=&#8221;yes&#8221; css=&#8221;.vc_custom_1776237547276{margin-top: 60px !important;margin-bottom: 10px !important;}&#8221;][vc_column][vc_column_text css=&#8221;&#8221;]<\/p>\n<ul>\n<li>Decreto para la creaci\u00f3n de la Comisi\u00f3n de Sostenimiento de la Di\u00f3cesis de San Sebasti\u00e1n <a href=\"https:\/\/elizagipuzkoa.org\/wp-content\/uploads\/2026\/03\/Decreto_sostenimiento_20260316.pdf\" target=\"_blank\" rel=\"noopener\">Descargar <img loading=\"lazy\" decoding=\"async\" class=\"size-full wp-image-23587\" src=\"https:\/\/elizagipuzkoa.org\/wp-content\/uploads\/2024\/01\/descargar.png\" alt=\"\" width=\"21\" height=\"20\" \/><\/a><\/li>\n<li>Decreto para la creaci\u00f3n de la Oficina de Transparencia y Rendici\u00f3n de Cuentas de la Di\u00f3cesis de San Sebasti\u00e1n <a href=\"https:\/\/elizagipuzkoa.org\/wp-content\/uploads\/2026\/03\/Decreto_oficina_transparencia_20260316.pdf\" target=\"_blank\" rel=\"noopener\">Descargar <img loading=\"lazy\" decoding=\"async\" class=\"size-full wp-image-23587\" src=\"https:\/\/elizagipuzkoa.org\/wp-content\/uploads\/2024\/01\/descargar.png\" alt=\"\" width=\"21\" height=\"20\" \/><\/a><\/li>\n<li>Decreto de designaci\u00f3n del responsable del Sistema Interno de Informaci\u00f3n <a href=\"https:\/\/elizagipuzkoa.org\/wp-content\/uploads\/2026\/03\/Decreto_Responsable_Sistema_Interno_Informacion_20260316.pdf\" target=\"_blank\" rel=\"noopener\">Descargar <img loading=\"lazy\" decoding=\"async\" class=\"size-full wp-image-23587\" src=\"https:\/\/elizagipuzkoa.org\/wp-content\/uploads\/2024\/01\/descargar.png\" alt=\"\" width=\"21\" height=\"20\" \/><\/a><\/li>\n<li>Decreto de constituci\u00f3n del \u00d3rgano Interno de Cumplimiento Normativo en la Di\u00f3cesis de San Sebasti\u00e1n <a href=\"https:\/\/elizagipuzkoa.org\/wp-content\/uploads\/2026\/03\/Decreto_constitucion_organo_interno_cumplimiento_20260316.pdf\" target=\"_blank\" rel=\"noopener\">Descargar <img loading=\"lazy\" decoding=\"async\" class=\"size-full wp-image-23587\" src=\"https:\/\/elizagipuzkoa.org\/wp-content\/uploads\/2024\/01\/descargar.png\" alt=\"\" width=\"21\" height=\"20\" \/><\/a><\/li>\n<\/ul>\n<p>[\/vc_column_text][\/vc_column][\/vc_row]<\/p>\n<\/div>","protected":false},"excerpt":{"rendered":"<p>[vc_row css=&#8221;.vc_custom_1776672382585{margin-top: 5px !important;margin-right: 20px !important;margin-bottom: 5px !important;margin-left: 20px !important;}&#8221;][vc_column][vc_tta_accordion color=&#8221;white&#8221; c_icon=&#8221;&#8221; active_section=&#8221;9999&#8243; no_fill=&#8221;true&#8221; collapsible_all=&#8221;true&#8221;][vc_tta_section i_icon_fontawesome=&#8221;fas fa-angle-right&#8221; add_icon=&#8221;true&#8221; title=&#8221;Donostiako Elizbarrutiaren Gardentasunerako eta Kontuak Emateko Bulegoa&#8221; tab_id=&#8221;1776672535358-92689423-a413&#8243;][vc_column_text css=&#8221;&#8221;][\/vc_column_text][vc_column_text css=&#8221;.vc_custom_1776673033992{margin-top: 20px !important;margin-bottom: 10px !important;}&#8221;] Dokumentua deskargatu [\/vc_column_text][\/vc_tta_section][\/vc_tta_accordion][\/vc_column][\/vc_row][vc_row css=&#8221;.vc_custom_1776672382585{margin-top: 5px !important;margin-right: 20px !important;margin-bottom: 5px !important;margin-left: 20px !important;}&#8221;][vc_column][vc_tta_accordion color=&#8221;white&#8221; c_icon=&#8221;&#8221; active_section=&#8221;9999&#8243; no_fill=&#8221;true&#8221; collapsible_all=&#8221;true&#8221;][vc_tta_section i_icon_fontawesome=&#8221;fas fa-angle-right&#8221; add_icon=&#8221;true&#8221; title=&#8221;Kontuak ematea&#8221; tab_id=&#8221;reglamento-rendicion-cuentas&#8221;][vc_column_text [&hellip;]<\/p>\n","protected":false},"author":1,"featured_media":0,"parent":0,"menu_order":0,"comment_status":"closed","ping_status":"closed","template":"","meta":{"footnotes":""},"class_list":["post-1518","page","type-page","status-publish","hentry"],"yoast_head":"<!-- This site is optimized with the Yoast SEO plugin v27.2 - https:\/\/yoast.com\/product\/yoast-seo-wordpress\/ -->\n<title>Kontuak ematea - Portal de transparencia - Di\u00f3cesis de San Sebasti\u00e1n<\/title>\n<meta name=\"robots\" content=\"index, follow, max-snippet:-1, max-image-preview:large, max-video-preview:-1\" \/>\n<link rel=\"canonical\" href=\"https:\/\/transparencia.elizagipuzkoa.org\/eu\/kontuak-ematea\/\" \/>\n<meta property=\"og:locale\" content=\"eu_ES\" \/>\n<meta property=\"og:type\" content=\"article\" \/>\n<meta property=\"og:title\" content=\"Kontuak ematea - Portal de transparencia - Di\u00f3cesis de San Sebasti\u00e1n\" \/>\n<meta property=\"og:description\" content=\"[vc_row css=&#8221;.vc_custom_1776672382585{margin-top: 5px !important;margin-right: 20px !important;margin-bottom: 5px !important;margin-left: 20px !important;}&#8221;][vc_column][vc_tta_accordion color=&#8221;white&#8221; c_icon=&#8221;&#8221; active_section=&#8221;9999&#8243; no_fill=&#8221;true&#8221; collapsible_all=&#8221;true&#8221;][vc_tta_section i_icon_fontawesome=&#8221;fas fa-angle-right&#8221; add_icon=&#8221;true&#8221; title=&#8221;Donostiako Elizbarrutiaren Gardentasunerako eta Kontuak Emateko Bulegoa&#8221; tab_id=&#8221;1776672535358-92689423-a413&#8243;][vc_column_text css=&#8221;&#8221;][\/vc_column_text][vc_column_text css=&#8221;.vc_custom_1776673033992{margin-top: 20px !important;margin-bottom: 10px !important;}&#8221;] Dokumentua deskargatu [\/vc_column_text][\/vc_tta_section][\/vc_tta_accordion][\/vc_column][\/vc_row][vc_row css=&#8221;.vc_custom_1776672382585{margin-top: 5px !important;margin-right: 20px !important;margin-bottom: 5px !important;margin-left: 20px !important;}&#8221;][vc_column][vc_tta_accordion color=&#8221;white&#8221; c_icon=&#8221;&#8221; active_section=&#8221;9999&#8243; no_fill=&#8221;true&#8221; collapsible_all=&#8221;true&#8221;][vc_tta_section i_icon_fontawesome=&#8221;fas fa-angle-right&#8221; add_icon=&#8221;true&#8221; title=&#8221;Kontuak ematea&#8221; tab_id=&#8221;reglamento-rendicion-cuentas&#8221;][vc_column_text [&hellip;]\" \/>\n<meta property=\"og:url\" content=\"https:\/\/transparencia.elizagipuzkoa.org\/eu\/kontuak-ematea\/\" \/>\n<meta property=\"og:site_name\" content=\"Portal de transparencia - Di\u00f3cesis de San Sebasti\u00e1n\" \/>\n<meta property=\"article:modified_time\" content=\"2026-04-20T08:17:43+00:00\" \/>\n<meta name=\"twitter:card\" content=\"summary_large_image\" \/>\n<meta name=\"twitter:label1\" content=\"Est. reading time\" \/>\n\t<meta name=\"twitter:data1\" content=\"3 minutes\" \/>\n<script type=\"application\/ld+json\" class=\"yoast-schema-graph\">{\"@context\":\"https:\/\/schema.org\",\"@graph\":[{\"@type\":\"WebPage\",\"@id\":\"https:\/\/transparencia.elizagipuzkoa.org\/eu\/kontuak-ematea\/\",\"url\":\"https:\/\/transparencia.elizagipuzkoa.org\/eu\/kontuak-ematea\/\",\"name\":\"Kontuak ematea - Portal de transparencia - Di\u00f3cesis de San Sebasti\u00e1n\",\"isPartOf\":{\"@id\":\"https:\/\/transparencia.elizagipuzkoa.org\/eu\/#website\"},\"primaryImageOfPage\":{\"@id\":\"https:\/\/transparencia.elizagipuzkoa.org\/eu\/kontuak-ematea\/#primaryimage\"},\"image\":{\"@id\":\"https:\/\/transparencia.elizagipuzkoa.org\/eu\/kontuak-ematea\/#primaryimage\"},\"thumbnailUrl\":\"https:\/\/elizagipuzkoa.org\/wp-content\/uploads\/2024\/01\/descargar.png\",\"datePublished\":\"2026-04-20T08:13:48+00:00\",\"dateModified\":\"2026-04-20T08:17:43+00:00\",\"breadcrumb\":{\"@id\":\"https:\/\/transparencia.elizagipuzkoa.org\/eu\/kontuak-ematea\/#breadcrumb\"},\"inLanguage\":\"eu-ES\",\"potentialAction\":[{\"@type\":\"ReadAction\",\"target\":[\"https:\/\/transparencia.elizagipuzkoa.org\/eu\/kontuak-ematea\/\"]}]},{\"@type\":\"ImageObject\",\"inLanguage\":\"eu-ES\",\"@id\":\"https:\/\/transparencia.elizagipuzkoa.org\/eu\/kontuak-ematea\/#primaryimage\",\"url\":\"https:\/\/elizagipuzkoa.org\/wp-content\/uploads\/2024\/01\/descargar.png\",\"contentUrl\":\"https:\/\/elizagipuzkoa.org\/wp-content\/uploads\/2024\/01\/descargar.png\"},{\"@type\":\"BreadcrumbList\",\"@id\":\"https:\/\/transparencia.elizagipuzkoa.org\/eu\/kontuak-ematea\/#breadcrumb\",\"itemListElement\":[{\"@type\":\"ListItem\",\"position\":1,\"name\":\"Portada\",\"item\":\"https:\/\/transparencia.elizagipuzkoa.org\/eu\/\"},{\"@type\":\"ListItem\",\"position\":2,\"name\":\"Kontuak ematea\"}]},{\"@type\":\"WebSite\",\"@id\":\"https:\/\/transparencia.elizagipuzkoa.org\/eu\/#website\",\"url\":\"https:\/\/transparencia.elizagipuzkoa.org\/eu\/\",\"name\":\"Portal de transparencia - Di\u00f3cesis de San Sebasti\u00e1n\",\"description\":\"\",\"potentialAction\":[{\"@type\":\"SearchAction\",\"target\":{\"@type\":\"EntryPoint\",\"urlTemplate\":\"https:\/\/transparencia.elizagipuzkoa.org\/eu\/?s={search_term_string}\"},\"query-input\":{\"@type\":\"PropertyValueSpecification\",\"valueRequired\":true,\"valueName\":\"search_term_string\"}}],\"inLanguage\":\"eu-ES\"}]}<\/script>\n<!-- \/ Yoast SEO plugin. -->","yoast_head_json":{"title":"Kontuak ematea - Portal de transparencia - Di\u00f3cesis de San Sebasti\u00e1n","robots":{"index":"index","follow":"follow","max-snippet":"max-snippet:-1","max-image-preview":"max-image-preview:large","max-video-preview":"max-video-preview:-1"},"canonical":"https:\/\/transparencia.elizagipuzkoa.org\/eu\/kontuak-ematea\/","og_locale":"eu_ES","og_type":"article","og_title":"Kontuak ematea - Portal de transparencia - Di\u00f3cesis de San Sebasti\u00e1n","og_description":"[vc_row css=&#8221;.vc_custom_1776672382585{margin-top: 5px !important;margin-right: 20px !important;margin-bottom: 5px !important;margin-left: 20px !important;}&#8221;][vc_column][vc_tta_accordion color=&#8221;white&#8221; c_icon=&#8221;&#8221; active_section=&#8221;9999&#8243; no_fill=&#8221;true&#8221; collapsible_all=&#8221;true&#8221;][vc_tta_section i_icon_fontawesome=&#8221;fas fa-angle-right&#8221; add_icon=&#8221;true&#8221; title=&#8221;Donostiako Elizbarrutiaren Gardentasunerako eta Kontuak Emateko Bulegoa&#8221; tab_id=&#8221;1776672535358-92689423-a413&#8243;][vc_column_text css=&#8221;&#8221;][\/vc_column_text][vc_column_text css=&#8221;.vc_custom_1776673033992{margin-top: 20px !important;margin-bottom: 10px !important;}&#8221;] Dokumentua deskargatu [\/vc_column_text][\/vc_tta_section][\/vc_tta_accordion][\/vc_column][\/vc_row][vc_row css=&#8221;.vc_custom_1776672382585{margin-top: 5px !important;margin-right: 20px !important;margin-bottom: 5px !important;margin-left: 20px !important;}&#8221;][vc_column][vc_tta_accordion color=&#8221;white&#8221; c_icon=&#8221;&#8221; active_section=&#8221;9999&#8243; no_fill=&#8221;true&#8221; collapsible_all=&#8221;true&#8221;][vc_tta_section i_icon_fontawesome=&#8221;fas fa-angle-right&#8221; add_icon=&#8221;true&#8221; title=&#8221;Kontuak ematea&#8221; tab_id=&#8221;reglamento-rendicion-cuentas&#8221;][vc_column_text [&hellip;]","og_url":"https:\/\/transparencia.elizagipuzkoa.org\/eu\/kontuak-ematea\/","og_site_name":"Portal de transparencia - Di\u00f3cesis de San Sebasti\u00e1n","article_modified_time":"2026-04-20T08:17:43+00:00","twitter_card":"summary_large_image","twitter_misc":{"Est. reading time":"3 minutes"},"schema":{"@context":"https:\/\/schema.org","@graph":[{"@type":"WebPage","@id":"https:\/\/transparencia.elizagipuzkoa.org\/eu\/kontuak-ematea\/","url":"https:\/\/transparencia.elizagipuzkoa.org\/eu\/kontuak-ematea\/","name":"Kontuak ematea - Portal de transparencia - Di\u00f3cesis de San Sebasti\u00e1n","isPartOf":{"@id":"https:\/\/transparencia.elizagipuzkoa.org\/eu\/#website"},"primaryImageOfPage":{"@id":"https:\/\/transparencia.elizagipuzkoa.org\/eu\/kontuak-ematea\/#primaryimage"},"image":{"@id":"https:\/\/transparencia.elizagipuzkoa.org\/eu\/kontuak-ematea\/#primaryimage"},"thumbnailUrl":"https:\/\/elizagipuzkoa.org\/wp-content\/uploads\/2024\/01\/descargar.png","datePublished":"2026-04-20T08:13:48+00:00","dateModified":"2026-04-20T08:17:43+00:00","breadcrumb":{"@id":"https:\/\/transparencia.elizagipuzkoa.org\/eu\/kontuak-ematea\/#breadcrumb"},"inLanguage":"eu-ES","potentialAction":[{"@type":"ReadAction","target":["https:\/\/transparencia.elizagipuzkoa.org\/eu\/kontuak-ematea\/"]}]},{"@type":"ImageObject","inLanguage":"eu-ES","@id":"https:\/\/transparencia.elizagipuzkoa.org\/eu\/kontuak-ematea\/#primaryimage","url":"https:\/\/elizagipuzkoa.org\/wp-content\/uploads\/2024\/01\/descargar.png","contentUrl":"https:\/\/elizagipuzkoa.org\/wp-content\/uploads\/2024\/01\/descargar.png"},{"@type":"BreadcrumbList","@id":"https:\/\/transparencia.elizagipuzkoa.org\/eu\/kontuak-ematea\/#breadcrumb","itemListElement":[{"@type":"ListItem","position":1,"name":"Portada","item":"https:\/\/transparencia.elizagipuzkoa.org\/eu\/"},{"@type":"ListItem","position":2,"name":"Kontuak ematea"}]},{"@type":"WebSite","@id":"https:\/\/transparencia.elizagipuzkoa.org\/eu\/#website","url":"https:\/\/transparencia.elizagipuzkoa.org\/eu\/","name":"Portal de transparencia - Di\u00f3cesis de San Sebasti\u00e1n","description":"","potentialAction":[{"@type":"SearchAction","target":{"@type":"EntryPoint","urlTemplate":"https:\/\/transparencia.elizagipuzkoa.org\/eu\/?s={search_term_string}"},"query-input":{"@type":"PropertyValueSpecification","valueRequired":true,"valueName":"search_term_string"}}],"inLanguage":"eu-ES"}]}},"_links":{"self":[{"href":"https:\/\/transparencia.elizagipuzkoa.org\/eu\/wp-json\/wp\/v2\/pages\/1518","targetHints":{"allow":["GET"]}}],"collection":[{"href":"https:\/\/transparencia.elizagipuzkoa.org\/eu\/wp-json\/wp\/v2\/pages"}],"about":[{"href":"https:\/\/transparencia.elizagipuzkoa.org\/eu\/wp-json\/wp\/v2\/types\/page"}],"author":[{"embeddable":true,"href":"https:\/\/transparencia.elizagipuzkoa.org\/eu\/wp-json\/wp\/v2\/users\/1"}],"replies":[{"embeddable":true,"href":"https:\/\/transparencia.elizagipuzkoa.org\/eu\/wp-json\/wp\/v2\/comments?post=1518"}],"version-history":[{"count":4,"href":"https:\/\/transparencia.elizagipuzkoa.org\/eu\/wp-json\/wp\/v2\/pages\/1518\/revisions"}],"predecessor-version":[{"id":1525,"href":"https:\/\/transparencia.elizagipuzkoa.org\/eu\/wp-json\/wp\/v2\/pages\/1518\/revisions\/1525"}],"wp:attachment":[{"href":"https:\/\/transparencia.elizagipuzkoa.org\/eu\/wp-json\/wp\/v2\/media?parent=1518"}],"curies":[{"name":"wp","href":"https:\/\/api.w.org\/{rel}","templated":true}]}}